{"id":5645,"date":"2024-02-14T12:00:41","date_gmt":"2024-02-14T12:00:41","guid":{"rendered":"https:\/\/beelectricbike.com\/?page_id=5645"},"modified":"2024-02-16T13:00:47","modified_gmt":"2024-02-16T13:00:47","slug":"probar-kit-de-bicicleta-electrica","status":"publish","type":"page","link":"https:\/\/beelectricbike.com\/es\/probar-kit-de-bicicleta-electrica\/","title":{"rendered":"Probar kit de bicicleta el\u00e9ctrica"},"content":{"rendered":"<div class=\"wpb-content-wrapper\">[vc_row full_width=\u00bbstretch_row\u00bb parallax=\u00bbcontent-moving\u00bb parallax_image=\u00bb5345&#8243; remove_bottom_col_margin=\u00bbtrue\u00bb css=\u00bb.vc_custom_1708079877526{padding-top: 80px !important;padding-bottom: 80px !important;background-color: #000000 !important;}\u00bb wpex_bg_overlay=\u00bbdark\u00bb wpex_bg_overlay_color=\u00bb#000000&#8243; wpex_bg_overlay_opacity=\u00bb0.85&#8243;][vc_column]<style>.vcex-heading.vcex_69f21d6aaa3ba{color:#ffffff;font-size:28px;}<\/style><h3 class=\"vcex-heading vcex-heading-plain vcex-module wpex-heading wpex-text-2xl wpex-text-left vcex_69f21d6aaa3ba\"><span class=\"vcex-heading-inner wpex-inline-block\">Vive la experiencia <strong>BeElectricBike<\/strong> y prueba ahora nuestro kit para electrificar una bicicleta convencional sin ning\u00fan compromiso. \u00a1Es muy f\u00e1cil!<\/span><\/h3><div class=\"vcex-spacing wpex-w-100 wpex-clear\" style=\"height:20px;\"><\/div>[vc_column_text color=\u00bb#ffffff\u00bb font_size=\u00bb15px\u00bb]Dir\u00edgete al mapa que ver\u00e1s m\u00e1s abajo e introduce tu c\u00f3digo postal para que podamos encontrar cuales son las tiendas o talleres m\u00e1s cercanos para que puedas probar el kit.<\/p>\n<p>\u00a1Estas a un paso de sentir la potencia y la comodidad de poder circular con tu propia bicicleta en formato el\u00e9ctrico!<\/p>\n<p>Sigue estos pasos para empezar a vivir tu experiencia:<\/p>\n<ul>\n<li><b>Encuentra tu tienda m\u00e1s cercana:\u00a0<\/b>A\u00f1ade tu c\u00f3digo postal en nuestro buscador y descubre d\u00f3nde puedes probar nuestro kit hoy mismo.<\/li>\n<li><b>Siente la diferencia:\u00a0<\/b>Visita una de las tiendas asociadas y experimenta personalmente c\u00f3mo nuestro kit puede transformar tu bicicleta y tu manera de moverte.<\/li>\n<li><b>\u00danete a la revoluci\u00f3n el\u00e9ctrica<\/b>: No dejes pasar la oportunidad de ser parte del cambio hacia una movilidad m\u00e1s sostenible y emocionante.<\/li>\n<\/ul>\n[\/vc_column_text][\/vc_column][\/vc_row][vc_row full_width=\u00bbstretch_row_content\u00bb remove_bottom_col_margin=\u00bbtrue\u00bb][vc_column][vc_column_text][\/vc_column_text][\/vc_column][\/vc_row]\n<\/div>","protected":false},"excerpt":{"rendered":"<p>[vc_row full_width=\u00bbstretch_row\u00bb parallax=\u00bbcontent-moving\u00bb parallax_image=\u00bb5345&#8243; remove_bottom_col_margin=\u00bbtrue\u00bb css=\u00bb.vc_custom_1708079877526{padding-top: 80px !important;padding-bottom: 80px !important;background-color: #000000 !important;}\u00bb wpex_bg_overlay=\u00bbdark\u00bb wpex_bg_overlay_color=\u00bb#000000&#8243; wpex_bg_overlay_opacity=\u00bb0.85&#8243;][vc_column][vc_column_text color=\u00bb#ffffff\u00bb font_size=\u00bb15px\u00bb]Dir\u00edgete al mapa que ver\u00e1s m\u00e1s abajo e introduce tu c\u00f3digo postal para que podamos encontrar cuales son las tiendas o talleres m\u00e1s cercanos para que puedas probar el kit. \u00a1Estas a un paso de sentir la potencia y&hellip;<\/p>\n","protected":false},"author":1,"featured_media":0,"parent":0,"menu_order":0,"comment_status":"closed","ping_status":"closed","template":"templates\/no-sidebar.php","meta":{"footnotes":""},"class_list":["post-5645","page","type-page","status-publish","hentry","entry","no-media"],"yoast_head":"<!-- This site is optimized with the Yoast SEO plugin v27.4 - https:\/\/yoast.com\/product\/yoast-seo-wordpress\/ -->\n<title>Probar kit de bicicleta el\u00e9ctrica - Beelectric<\/title>\n<meta name=\"robots\" content=\"index, follow, max-snippet:-1, max-image-preview:large, max-video-preview:-1\" \/>\n<link rel=\"canonical\" href=\"https:\/\/beelectricbike.com\/es\/probar-kit-de-bicicleta-electrica\/\" \/>\n<meta property=\"og:locale\" content=\"es_ES\" \/>\n<meta property=\"og:type\" content=\"article\" \/>\n<meta property=\"og:title\" content=\"Probar kit de bicicleta el\u00e9ctrica - Beelectric\" \/>\n<meta property=\"og:description\" content=\"[vc_row full_width=\u00bbstretch_row\u00bb parallax=\u00bbcontent-moving\u00bb parallax_image=\u00bb5345&#8243; remove_bottom_col_margin=\u00bbtrue\u00bb css=\u00bb.vc_custom_1708079877526{padding-top: 80px !important;padding-bottom: 80px !important;background-color: #000000 !important;}\u00bb wpex_bg_overlay=\u00bbdark\u00bb wpex_bg_overlay_color=\u00bb#000000&#8243; wpex_bg_overlay_opacity=\u00bb0.85&#8243;][vc_column][vc_column_text color=\u00bb#ffffff\u00bb font_size=\u00bb15px\u00bb]Dir\u00edgete al mapa que ver\u00e1s m\u00e1s abajo e introduce tu c\u00f3digo postal para que podamos encontrar cuales son las tiendas o talleres m\u00e1s cercanos para que puedas probar el kit. \u00a1Estas a un paso de sentir la potencia y&hellip;\" \/>\n<meta property=\"og:url\" content=\"https:\/\/beelectricbike.com\/es\/probar-kit-de-bicicleta-electrica\/\" \/>\n<meta property=\"og:site_name\" content=\"Beelectric\" \/>\n<meta property=\"article:modified_time\" content=\"2024-02-16T13:00:47+00:00\" \/>\n<meta name=\"twitter:card\" content=\"summary_large_image\" \/>\n<meta name=\"twitter:label1\" content=\"Tiempo de lectura\" \/>\n\t<meta name=\"twitter:data1\" content=\"1 minuto\" \/>\n<script type=\"application\/ld+json\" class=\"yoast-schema-graph\">{\"@context\":\"https:\\\/\\\/schema.org\",\"@graph\":[{\"@type\":\"WebPage\",\"@id\":\"https:\\\/\\\/beelectricbike.com\\\/es\\\/probar-kit-de-bicicleta-electrica\\\/\",\"url\":\"https:\\\/\\\/beelectricbike.com\\\/es\\\/probar-kit-de-bicicleta-electrica\\\/\",\"name\":\"Probar kit de bicicleta el\u00e9ctrica - Beelectric\",\"isPartOf\":{\"@id\":\"https:\\\/\\\/beelectricbike.com\\\/#website\"},\"datePublished\":\"2024-02-14T12:00:41+00:00\",\"dateModified\":\"2024-02-16T13:00:47+00:00\",\"breadcrumb\":{\"@id\":\"https:\\\/\\\/beelectricbike.com\\\/es\\\/probar-kit-de-bicicleta-electrica\\\/#breadcrumb\"},\"inLanguage\":\"es\",\"potentialAction\":[{\"@type\":\"ReadAction\",\"target\":[\"https:\\\/\\\/beelectricbike.com\\\/es\\\/probar-kit-de-bicicleta-electrica\\\/\"]}]},{\"@type\":\"BreadcrumbList\",\"@id\":\"https:\\\/\\\/beelectricbike.com\\\/es\\\/probar-kit-de-bicicleta-electrica\\\/#breadcrumb\",\"itemListElement\":[{\"@type\":\"ListItem\",\"position\":1,\"name\":\"Home\",\"item\":\"https:\\\/\\\/beelectricbike.com\\\/es\\\/\"},{\"@type\":\"ListItem\",\"position\":2,\"name\":\"Probar kit de bicicleta el\u00e9ctrica\"}]},{\"@type\":\"WebSite\",\"@id\":\"https:\\\/\\\/beelectricbike.com\\\/#website\",\"url\":\"https:\\\/\\\/beelectricbike.com\\\/\",\"name\":\"Beelectric\",\"description\":\"Electrifica tu bicicleta f\u00e1cilmente\",\"publisher\":{\"@id\":\"https:\\\/\\\/beelectricbike.com\\\/#organization\"},\"potentialAction\":[{\"@type\":\"SearchAction\",\"target\":{\"@type\":\"EntryPoint\",\"urlTemplate\":\"https:\\\/\\\/beelectricbike.com\\\/?s={search_term_string}\"},\"query-input\":{\"@type\":\"PropertyValueSpecification\",\"valueRequired\":true,\"valueName\":\"search_term_string\"}}],\"inLanguage\":\"es\"},{\"@type\":\"Organization\",\"@id\":\"https:\\\/\\\/beelectricbike.com\\\/#organization\",\"name\":\"Beelectric\",\"url\":\"https:\\\/\\\/beelectricbike.com\\\/\",\"logo\":{\"@type\":\"ImageObject\",\"inLanguage\":\"es\",\"@id\":\"https:\\\/\\\/beelectricbike.com\\\/#\\\/schema\\\/logo\\\/image\\\/\",\"url\":\"https:\\\/\\\/beelectricbike.com\\\/wp-content\\\/uploads\\\/2023\\\/11\\\/logo-negre.png\",\"contentUrl\":\"https:\\\/\\\/beelectricbike.com\\\/wp-content\\\/uploads\\\/2023\\\/11\\\/logo-negre.png\",\"width\":356,\"height\":80,\"caption\":\"Beelectric\"},\"image\":{\"@id\":\"https:\\\/\\\/beelectricbike.com\\\/#\\\/schema\\\/logo\\\/image\\\/\"}}]}<\/script>\n<!-- \/ Yoast SEO plugin. -->","yoast_head_json":{"title":"Probar kit de bicicleta el\u00e9ctrica - Beelectric","robots":{"index":"index","follow":"follow","max-snippet":"max-snippet:-1","max-image-preview":"max-image-preview:large","max-video-preview":"max-video-preview:-1"},"canonical":"https:\/\/beelectricbike.com\/es\/probar-kit-de-bicicleta-electrica\/","og_locale":"es_ES","og_type":"article","og_title":"Probar kit de bicicleta el\u00e9ctrica - Beelectric","og_description":"[vc_row full_width=\u00bbstretch_row\u00bb parallax=\u00bbcontent-moving\u00bb parallax_image=\u00bb5345&#8243; remove_bottom_col_margin=\u00bbtrue\u00bb css=\u00bb.vc_custom_1708079877526{padding-top: 80px !important;padding-bottom: 80px !important;background-color: #000000 !important;}\u00bb wpex_bg_overlay=\u00bbdark\u00bb wpex_bg_overlay_color=\u00bb#000000&#8243; wpex_bg_overlay_opacity=\u00bb0.85&#8243;][vc_column][vc_column_text color=\u00bb#ffffff\u00bb font_size=\u00bb15px\u00bb]Dir\u00edgete al mapa que ver\u00e1s m\u00e1s abajo e introduce tu c\u00f3digo postal para que podamos encontrar cuales son las tiendas o talleres m\u00e1s cercanos para que puedas probar el kit. \u00a1Estas a un paso de sentir la potencia y&hellip;","og_url":"https:\/\/beelectricbike.com\/es\/probar-kit-de-bicicleta-electrica\/","og_site_name":"Beelectric","article_modified_time":"2024-02-16T13:00:47+00:00","twitter_card":"summary_large_image","twitter_misc":{"Tiempo de lectura":"1 minuto"},"schema":{"@context":"https:\/\/schema.org","@graph":[{"@type":"WebPage","@id":"https:\/\/beelectricbike.com\/es\/probar-kit-de-bicicleta-electrica\/","url":"https:\/\/beelectricbike.com\/es\/probar-kit-de-bicicleta-electrica\/","name":"Probar kit de bicicleta el\u00e9ctrica - Beelectric","isPartOf":{"@id":"https:\/\/beelectricbike.com\/#website"},"datePublished":"2024-02-14T12:00:41+00:00","dateModified":"2024-02-16T13:00:47+00:00","breadcrumb":{"@id":"https:\/\/beelectricbike.com\/es\/probar-kit-de-bicicleta-electrica\/#breadcrumb"},"inLanguage":"es","potentialAction":[{"@type":"ReadAction","target":["https:\/\/beelectricbike.com\/es\/probar-kit-de-bicicleta-electrica\/"]}]},{"@type":"BreadcrumbList","@id":"https:\/\/beelectricbike.com\/es\/probar-kit-de-bicicleta-electrica\/#breadcrumb","itemListElement":[{"@type":"ListItem","position":1,"name":"Home","item":"https:\/\/beelectricbike.com\/es\/"},{"@type":"ListItem","position":2,"name":"Probar kit de bicicleta el\u00e9ctrica"}]},{"@type":"WebSite","@id":"https:\/\/beelectricbike.com\/#website","url":"https:\/\/beelectricbike.com\/","name":"Beelectric","description":"Electrifica tu bicicleta f\u00e1cilmente","publisher":{"@id":"https:\/\/beelectricbike.com\/#organization"},"potentialAction":[{"@type":"SearchAction","target":{"@type":"EntryPoint","urlTemplate":"https:\/\/beelectricbike.com\/?s={search_term_string}"},"query-input":{"@type":"PropertyValueSpecification","valueRequired":true,"valueName":"search_term_string"}}],"inLanguage":"es"},{"@type":"Organization","@id":"https:\/\/beelectricbike.com\/#organization","name":"Beelectric","url":"https:\/\/beelectricbike.com\/","logo":{"@type":"ImageObject","inLanguage":"es","@id":"https:\/\/beelectricbike.com\/#\/schema\/logo\/image\/","url":"https:\/\/beelectricbike.com\/wp-content\/uploads\/2023\/11\/logo-negre.png","contentUrl":"https:\/\/beelectricbike.com\/wp-content\/uploads\/2023\/11\/logo-negre.png","width":356,"height":80,"caption":"Beelectric"},"image":{"@id":"https:\/\/beelectricbike.com\/#\/schema\/logo\/image\/"}}]}},"_links":{"self":[{"href":"https:\/\/beelectricbike.com\/es\/wp-json\/wp\/v2\/pages\/5645","targetHints":{"allow":["GET"]}}],"collection":[{"href":"https:\/\/beelectricbike.com\/es\/wp-json\/wp\/v2\/pages"}],"about":[{"href":"https:\/\/beelectricbike.com\/es\/wp-json\/wp\/v2\/types\/page"}],"author":[{"embeddable":true,"href":"https:\/\/beelectricbike.com\/es\/wp-json\/wp\/v2\/users\/1"}],"replies":[{"embeddable":true,"href":"https:\/\/beelectricbike.com\/es\/wp-json\/wp\/v2\/comments?post=5645"}],"version-history":[{"count":19,"href":"https:\/\/beelectricbike.com\/es\/wp-json\/wp\/v2\/pages\/5645\/revisions"}],"predecessor-version":[{"id":5730,"href":"https:\/\/beelectricbike.com\/es\/wp-json\/wp\/v2\/pages\/5645\/revisions\/5730"}],"wp:attachment":[{"href":"https:\/\/beelectricbike.com\/es\/wp-json\/wp\/v2\/media?parent=5645"}],"curies":[{"name":"wp","href":"https:\/\/api.w.org\/{rel}","templated":true}]}}