{"id":600,"date":"2013-11-25T02:21:59","date_gmt":"2013-11-25T02:21:59","guid":{"rendered":"http:\/\/wpexplorer-demos.com\/?page_id=600"},"modified":"2023-11-16T09:32:38","modified_gmt":"2023-11-16T09:32:38","slug":"blog","status":"publish","type":"page","link":"https:\/\/beelectricbike.com\/es\/blog\/","title":{"rendered":"Blog"},"content":{"rendered":"<div class=\"wpb-content-wrapper\">[vc_row full_width=\u00bbstretch_row_content\u00bb css=\u00bb.vc_custom_1700125689657{padding-top: 6% !important;padding-bottom: 3% !important;}\u00bb][vc_column]<style>.vcex-blog-grid-wrap.vcex_69ec26ef8c38b .entry-title{font-size:20px;text-transform:uppercase;}.vcex-blog-grid-wrap.vcex_69ec26ef8c38b .entry-excerpt{font-size:16px;}<\/style><div class=\"vcex-module vcex-blog-grid-wrap wpex-clr vcex_69ec26ef8c38b\"><div class=\"wpex-row vcex-blog-grid wpex-clr entries gap-15 match-height-grid\"><div class=\"vcex-blog-entry vcex-grid-item entry-has-details span_1_of_5 col-1 col wpex-text-left entry post-5923 type-post has-media cat-1\"><div class=\"vcex-blog-entry-inner entry-inner wpex-first-mt-0 wpex-last-mb-0 wpex-clr\"><div class=\"vcex-blog-entry-media entry-media wpex-relative wpex-image-hover opacity overlay-parent overlay-parent-hover-button overlay-h wpex-overflow-hidden overlay-ms\"><a href=\"https:\/\/beelectricbike.com\/es\/comprar-una-bicicleta-electrica-o-electrificar-tu-bicicleta\/\" title=\"\u00bfComprar una bicicleta el\u00e9ctrica o electrificar tu bicicleta?\"><img width=\"1400\" height=\"875\" src=\"https:\/\/beelectricbike.com\/wp-content\/uploads\/2024\/07\/publicacions-beelectric-1.jpg\" class=\"vcex-blog-entry-img wpex-align-middle\" alt=\"electrificar bicicleta\" loading=\"lazy\" decoding=\"async\" srcset=\"https:\/\/beelectricbike.com\/wp-content\/uploads\/2024\/07\/publicacions-beelectric-1.jpg 1400w, https:\/\/beelectricbike.com\/wp-content\/uploads\/2024\/07\/publicacions-beelectric-1-300x188.jpg 300w, https:\/\/beelectricbike.com\/wp-content\/uploads\/2024\/07\/publicacions-beelectric-1-1024x640.jpg 1024w, https:\/\/beelectricbike.com\/wp-content\/uploads\/2024\/07\/publicacions-beelectric-1-768x480.jpg 768w, https:\/\/beelectricbike.com\/wp-content\/uploads\/2024\/07\/publicacions-beelectric-1-600x375.jpg 600w, https:\/\/beelectricbike.com\/wp-content\/uploads\/2024\/07\/publicacions-beelectric-1-32x20.jpg 32w\" sizes=\"auto, (max-width: 1400px) 100vw, 1400px\" \/><\/a>\n<div class=\"overlay-hover-button overlay-hide theme-overlay wpex-absolute wpex-inset-0 wpex-transition-all wpex-duration-300 wpex-flex wpex-items-center wpex-justify-center\">\n\t<span class=\"overlay-bg wpex-bg-black wpex-block wpex-absolute wpex-inset-0 wpex-opacity-60\"><\/span>\n\t<div class=\"overlay-content overlay-scale wpex-relative wpex-font-semibold wpex-transition-transform wpex-duration-300 wpex-p-20 wpex-clr\"><a href=\"https:\/\/beelectricbike.com\/es\/comprar-una-bicicleta-electrica-o-electrificar-tu-bicicleta\/\" class=\"overlay-hover-button-link theme-button minimal-border white wpex-text-md\">Leer m\u00e1s<\/a><\/div>\n<\/div>\n<\/div><div class=\"vcex-blog-entry-details entry-details wpex-bordered wpex-p-50 wpex-first-mt-0 wpex-last-mb-0 wpex-clr\"><div class=\"match-height-content\"><h2 class=\"vcex-blog-entry-title entry-title wpex-mb-5\"><a href=\"https:\/\/beelectricbike.com\/es\/comprar-una-bicicleta-electrica-o-electrificar-tu-bicicleta\/\">\u00bfComprar una bicicleta el\u00e9ctrica o electrificar tu bicicleta?<\/a><\/h2><div class=\"vcex-blog-entry-date entry-date wpex-text-sm wpex-text-3 wpex-mb-5\">17\/07\/2024<\/div><div class=\"vcex-blog-entry-excerpt entry-excerpt wpex-my-15 wpex-text-pretty wpex-last-mb-0 wpex-clr\"><p>La realidad es que hay una gran tendencia en iniciarse con bicicletas el\u00e9ctricas entre los&hellip;<\/p><\/div><\/div><\/div><\/div><\/div><div class=\"vcex-blog-entry vcex-grid-item entry-has-details span_1_of_5 col-2 col wpex-text-left entry post-5916 type-post has-media cat-1\"><div class=\"vcex-blog-entry-inner entry-inner wpex-first-mt-0 wpex-last-mb-0 wpex-clr\"><div class=\"vcex-blog-entry-media entry-media wpex-relative wpex-image-hover opacity overlay-parent overlay-parent-hover-button overlay-h wpex-overflow-hidden overlay-ms\"><a href=\"https:\/\/beelectricbike.com\/es\/kit-para-electrificar-bicicletas-descubriendo-el-placer-de-realizar-las-mejores-rutas-de-espana-con-bicicleta-electrica\/\" title=\"Kit para electrificar bicicletas: Descubriendo el placer de realizar las mejores rutas de Espa\u00f1a con bicicleta el\u00e9ctrica\"><img width=\"2560\" height=\"1280\" src=\"https:\/\/beelectricbike.com\/wp-content\/uploads\/2024\/06\/blog-Kit-para-electrificar-bicicletas-scaled.jpg\" class=\"vcex-blog-entry-img wpex-align-middle\" alt=\"Kit para electrificar bicicletas\" loading=\"lazy\" decoding=\"async\" srcset=\"https:\/\/beelectricbike.com\/wp-content\/uploads\/2024\/06\/blog-Kit-para-electrificar-bicicletas-scaled.jpg 2560w, https:\/\/beelectricbike.com\/wp-content\/uploads\/2024\/06\/blog-Kit-para-electrificar-bicicletas-300x150.jpg 300w, https:\/\/beelectricbike.com\/wp-content\/uploads\/2024\/06\/blog-Kit-para-electrificar-bicicletas-1024x512.jpg 1024w, https:\/\/beelectricbike.com\/wp-content\/uploads\/2024\/06\/blog-Kit-para-electrificar-bicicletas-768x384.jpg 768w, https:\/\/beelectricbike.com\/wp-content\/uploads\/2024\/06\/blog-Kit-para-electrificar-bicicletas-1536x768.jpg 1536w, https:\/\/beelectricbike.com\/wp-content\/uploads\/2024\/06\/blog-Kit-para-electrificar-bicicletas-2048x1024.jpg 2048w, https:\/\/beelectricbike.com\/wp-content\/uploads\/2024\/06\/blog-Kit-para-electrificar-bicicletas-600x300.jpg 600w, https:\/\/beelectricbike.com\/wp-content\/uploads\/2024\/06\/blog-Kit-para-electrificar-bicicletas-32x16.jpg 32w\" sizes=\"auto, (max-width: 2560px) 100vw, 2560px\" \/><\/a>\n<div class=\"overlay-hover-button overlay-hide theme-overlay wpex-absolute wpex-inset-0 wpex-transition-all wpex-duration-300 wpex-flex wpex-items-center wpex-justify-center\">\n\t<span class=\"overlay-bg wpex-bg-black wpex-block wpex-absolute wpex-inset-0 wpex-opacity-60\"><\/span>\n\t<div class=\"overlay-content overlay-scale wpex-relative wpex-font-semibold wpex-transition-transform wpex-duration-300 wpex-p-20 wpex-clr\"><a href=\"https:\/\/beelectricbike.com\/es\/kit-para-electrificar-bicicletas-descubriendo-el-placer-de-realizar-las-mejores-rutas-de-espana-con-bicicleta-electrica\/\" class=\"overlay-hover-button-link theme-button minimal-border white wpex-text-md\">Leer m\u00e1s<\/a><\/div>\n<\/div>\n<\/div><div class=\"vcex-blog-entry-details entry-details wpex-bordered wpex-p-50 wpex-first-mt-0 wpex-last-mb-0 wpex-clr\"><div class=\"match-height-content\"><h2 class=\"vcex-blog-entry-title entry-title wpex-mb-5\"><a href=\"https:\/\/beelectricbike.com\/es\/kit-para-electrificar-bicicletas-descubriendo-el-placer-de-realizar-las-mejores-rutas-de-espana-con-bicicleta-electrica\/\">Kit para electrificar bicicletas: Descubriendo el placer de realizar las mejores rutas de Espa\u00f1a con bicicleta el\u00e9ctrica<\/a><\/h2><div class=\"vcex-blog-entry-date entry-date wpex-text-sm wpex-text-3 wpex-mb-5\">02\/07\/2024<\/div><div class=\"vcex-blog-entry-excerpt entry-excerpt wpex-my-15 wpex-text-pretty wpex-last-mb-0 wpex-clr\"><p>\u00bfTe has visualizado alguna vez pedaleando por senderos escarpados y monta\u00f1as incre\u00edbles con espectaculares vistas?&hellip;<\/p><\/div><\/div><\/div><\/div><\/div><\/div><\/div>[\/vc_column][\/vc_row][vc_row remove_bottom_col_margin=\u00bbtrue\u00bb][vc_column]<div class=\"templatera_shortcode\"><style type=\"text\/css\" data-type=\"vc_shortcodes-custom-css\">.vc_custom_1768640603656{padding-top: 50px !important;padding-bottom: 50px !important;}.vc_custom_1519952203660{border-top-width: 1px !important;border-bottom-width: 1px !important;padding-top: 50px !important;padding-bottom: 50px !important;background-color: #f5f5f5 !important;border-top-color: #ededed !important;border-top-style: solid !important;border-bottom-color: #ededed !important;border-bottom-style: solid !important;}.vc_custom_1701690788116{padding-bottom: 15px !important;}<\/style><div data-vc-parallax=\"1.5\" data-vc-parallax-image=\"https:\/\/beelectricbike.com\/wp-content\/uploads\/2026\/01\/title-header-bg-sobre-beelectric.webp\" class=\"vc_row wpb_row vc_row-fluid vc_custom_1768640603656 vc_general vc_parallax vc_parallax-content-moving wpex-vc-full-width-row wpex-relative wpex-vc_row-has-fill no-bottom-margins wpex-vc-reset-negative-margin wpex-has-overlay wpex-has-overlay--69ec26ef9218d\"><div class=\"wpex-bg-overlay-wrap wpex-absolute wpex-inset-0 wpex-rounded-inherit\"><style class=\"wpex-bg-overlay-css\">.wpex-has-overlay--69ec26ef9218d > .wpex-bg-overlay-wrap .wpex-bg-overlay{background-color:#000000;opacity:0.7;}<\/style><span class=\"wpex-bg-overlay dark wpex-absolute wpex-inset-0 wpex-rounded-inherit wpex-duration-500 wpex-opacity-60 wpex-bg-black\"><\/span><\/div><div class=\"wpb_column vc_column_container vc_col-sm-12\"><div class=\"vc_column-inner\"><div class=\"wpb_wrapper\"><style>.vcex-button.vcex_69ec26ef93895{background:rgba(255,255,255,0.01);color:#ffffff!important;border:1px solid #ffffff;font-size:18px;text-transform:uppercase;}.vcex-button.vcex_69ec26ef93895:hover{background:#ffffff!important;color:#000000!important;}<\/style><div class=\"theme-button-wrap textcenter wpex-clr\"><a href=\"https:\/\/beelectricbike.com\/probar-kit-de-bicicleta-electrica\/\" class=\"vcex-button theme-button minimal-border align-center inline vcex_69ec26ef93895\"><span class=\"vcex-button-inner theme-button-inner wpex-flex wpex-flex-wrap wpex-items-center wpex-justify-center\">Pru\u00e9balo en tienda<span class=\"vcex-button-icon vcex-icon-wrap theme-button-icon-right\"><span class=\"wpex-icon\" aria-hidden=\"true\"><svg xmlns=\"http:\/\/www.w3.org\/2000\/svg\" viewBox=\"0 0 18 32\"><path d=\"M13.714 11.429q0-1.893-1.339-3.232t-3.232-1.339-3.232 1.339-1.339 3.232 1.339 3.232 3.232 1.339 3.232-1.339 1.339-3.232zM18.286 11.429q0 1.946-0.589 3.196l-6.5 13.821q-0.286 0.589-0.848 0.929t-1.205 0.339-1.205-0.339-0.83-0.929l-6.518-13.821q-0.589-1.25-0.589-3.196 0-3.786 2.679-6.464t6.464-2.679 6.464 2.679 2.679 6.464z\"><\/path><\/svg><\/span><\/span><\/span><\/a><\/div> <\/div><\/div><\/div><\/div><div class=\"vc_row wpb_row vc_row-fluid vc_custom_1519952203660 wpex-vc-full-width-row wpex-vc-full-width-row--centered wpex-relative wpex-vc_row-has-fill no-bottom-margins wpex-vc-reset-negative-margin wpex-parallax-bg-wrap\"><div class=\"wpb_column vc_column_container vc_col-sm-12\"><div class=\"vc_column-inner\"><div class=\"wpb_wrapper\"><style>.vcex-heading.vcex_69ec26ef94d00{font-size:30px;font-weight:400;text-transform:uppercase;}<\/style><div class=\"vcex-heading vcex-heading-plain vcex-module wpex-heading wpex-text-2xl wpex-text-center vc_custom_1701690788116 vcex_69ec26ef94d00\"><span class=\"vcex-heading-inner wpex-inline-block\">\u00bfNecesitas m\u00e1s informaci\u00f3n?<\/span><\/div>\n\t<div style=\"color:#777777;font-size:18px;font-weight:300;text-align:center;width:650px;\" class=\"wpb_text_column has-custom-color wpex-child-inherit-color wpex-max-w-100 wpex-mx-auto wpb_content_element\" >\n\t\t<div class=\"wpb_wrapper\">\n\t\t\t<p>Si necesitas m\u00e1s informaci\u00f3n para convertir tu bicicleta en un veh\u00edculo el\u00e9ctrico, puedes contactar con nosotros y resolveremos todas tus dudas.<\/p>\n\n\t\t<\/div>\n\t<\/div>\n<div class=\"vcex-spacing wpex-w-100 wpex-clear\"><\/div><style>.vcex-button.vcex_69ec26ef95dca{font-size:16px;font-weight:400;}<\/style><div class=\"theme-button-wrap textcenter wpex-clr\"><a href=\"\/contacto\/\" class=\"vcex-button theme-button align-center inline vcex_69ec26ef95dca\" title=\"Purchase Total\" rel=\"nofollow\"><span class=\"vcex-button-inner theme-button-inner wpex-flex wpex-flex-wrap wpex-items-center wpex-justify-center\">Contacta con nosotros<span class=\"vcex-button-icon vcex-icon-wrap theme-button-icon-right\"><span class=\"wpex-icon\" aria-hidden=\"true\"><svg xmlns=\"http:\/\/www.w3.org\/2000\/svg\" viewBox=\"0 0 512 512\"><path d=\"M168.2 384.9c-15-5.4-31.7-3.1-44.6 6.4c-8.2 6-22.3 14.8-39.4 22.7c5.6-14.7 9.9-31.3 11.3-49.4c1-12.9-3.3-25.7-11.8-35.5C60.4 302.8 48 272 48 240c0-79.5 83.3-160 208-160s208 80.5 208 160s-83.3 160-208 160c-31.6 0-61.3-5.5-87.8-15.1zM26.3 423.8c-1.6 2.7-3.3 5.4-5.1 8.1l-.3 .5c-1.6 2.3-3.2 4.6-4.8 6.9c-3.5 4.7-7.3 9.3-11.3 13.5c-4.6 4.6-5.9 11.4-3.4 17.4c2.5 6 8.3 9.9 14.8 9.9c5.1 0 10.2-.3 15.3-.8l.7-.1c4.4-.5 8.8-1.1 13.2-1.9c.8-.1 1.6-.3 2.4-.5c17.8-3.5 34.9-9.5 50.1-16.1c22.9-10 42.4-21.9 54.3-30.6c31.8 11.5 67 17.9 104.1 17.9c141.4 0 256-93.1 256-208S397.4 32 256 32S0 125.1 0 240c0 45.1 17.7 86.8 47.7 120.9c-1.9 24.5-11.4 46.3-21.4 62.9zM144 272a32 32 0 1 0 0-64 32 32 0 1 0 0 64zm144-32a32 32 0 1 0 -64 0 32 32 0 1 0 64 0zm80 32a32 32 0 1 0 0-64 32 32 0 1 0 0 64z\"\/><\/svg><\/span><\/span><\/span><\/a><\/div> <\/div><\/div><\/div><\/div><\/div>[\/vc_column][\/vc_row]\n<\/div>","protected":false},"excerpt":{"rendered":"\u00bfTe has visualizado alguna vez pedaleando por senderos escarpados y monta\u00f1as incre\u00edbles con espectaculares vistas? \u00a1El Kit para electrificar bicicletas definitivo te lo permite! Nosotros s\u00ed, y no es necesario tener a\u00f1os de experiencia al mando de una bicicleta haciendo rutas exigentes. Solo es necesaria una peque\u00f1a ayuda para que sea accesible para la mayor\u00eda&hellip;","protected":false},"author":1,"featured_media":0,"parent":0,"menu_order":0,"comment_status":"closed","ping_status":"closed","template":"","meta":{"footnotes":""},"class_list":["post-600","page","type-page","status-publish","hentry","entry","has-media"],"yoast_head":"<!-- This site is optimized with the Yoast SEO plugin v27.4 - https:\/\/yoast.com\/product\/yoast-seo-wordpress\/ -->\n<title>Blog - Beelectric<\/title>\n<meta name=\"robots\" content=\"index, follow, max-snippet:-1, max-image-preview:large, max-video-preview:-1\" \/>\n<link rel=\"canonical\" href=\"https:\/\/beelectricbike.com\/es\/blog\/\" \/>\n<meta property=\"og:locale\" content=\"es_ES\" \/>\n<meta property=\"og:type\" content=\"article\" \/>\n<meta property=\"og:title\" content=\"Blog - Beelectric\" \/>\n<meta property=\"og:url\" content=\"https:\/\/beelectricbike.com\/es\/blog\/\" \/>\n<meta property=\"og:site_name\" content=\"Beelectric\" \/>\n<meta property=\"article:modified_time\" content=\"2023-11-16T09:32:38+00:00\" \/>\n<meta name=\"twitter:card\" content=\"summary_large_image\" \/>\n<meta name=\"twitter:label1\" content=\"Tiempo de lectura\" \/>\n\t<meta name=\"twitter:data1\" content=\"1 minuto\" \/>\n<script type=\"application\/ld+json\" class=\"yoast-schema-graph\">{\"@context\":\"https:\\\/\\\/schema.org\",\"@graph\":[{\"@type\":\"WebPage\",\"@id\":\"https:\\\/\\\/beelectricbike.com\\\/es\\\/blog\\\/\",\"url\":\"https:\\\/\\\/beelectricbike.com\\\/es\\\/blog\\\/\",\"name\":\"Blog - Beelectric\",\"isPartOf\":{\"@id\":\"https:\\\/\\\/beelectricbike.com\\\/#website\"},\"datePublished\":\"2013-11-25T02:21:59+00:00\",\"dateModified\":\"2023-11-16T09:32:38+00:00\",\"breadcrumb\":{\"@id\":\"https:\\\/\\\/beelectricbike.com\\\/es\\\/blog\\\/#breadcrumb\"},\"inLanguage\":\"es\",\"potentialAction\":[{\"@type\":\"ReadAction\",\"target\":[\"https:\\\/\\\/beelectricbike.com\\\/es\\\/blog\\\/\"]}]},{\"@type\":\"BreadcrumbList\",\"@id\":\"https:\\\/\\\/beelectricbike.com\\\/es\\\/blog\\\/#breadcrumb\",\"itemListElement\":[{\"@type\":\"ListItem\",\"position\":1,\"name\":\"Home\",\"item\":\"https:\\\/\\\/beelectricbike.com\\\/es\\\/\"},{\"@type\":\"ListItem\",\"position\":2,\"name\":\"Blog\"}]},{\"@type\":\"WebSite\",\"@id\":\"https:\\\/\\\/beelectricbike.com\\\/#website\",\"url\":\"https:\\\/\\\/beelectricbike.com\\\/\",\"name\":\"Beelectric\",\"description\":\"Electrifica tu bicicleta f\u00e1cilmente\",\"publisher\":{\"@id\":\"https:\\\/\\\/beelectricbike.com\\\/#organization\"},\"potentialAction\":[{\"@type\":\"SearchAction\",\"target\":{\"@type\":\"EntryPoint\",\"urlTemplate\":\"https:\\\/\\\/beelectricbike.com\\\/?s={search_term_string}\"},\"query-input\":{\"@type\":\"PropertyValueSpecification\",\"valueRequired\":true,\"valueName\":\"search_term_string\"}}],\"inLanguage\":\"es\"},{\"@type\":\"Organization\",\"@id\":\"https:\\\/\\\/beelectricbike.com\\\/#organization\",\"name\":\"Beelectric\",\"url\":\"https:\\\/\\\/beelectricbike.com\\\/\",\"logo\":{\"@type\":\"ImageObject\",\"inLanguage\":\"es\",\"@id\":\"https:\\\/\\\/beelectricbike.com\\\/#\\\/schema\\\/logo\\\/image\\\/\",\"url\":\"https:\\\/\\\/beelectricbike.com\\\/wp-content\\\/uploads\\\/2023\\\/11\\\/logo-negre.png\",\"contentUrl\":\"https:\\\/\\\/beelectricbike.com\\\/wp-content\\\/uploads\\\/2023\\\/11\\\/logo-negre.png\",\"width\":356,\"height\":80,\"caption\":\"Beelectric\"},\"image\":{\"@id\":\"https:\\\/\\\/beelectricbike.com\\\/#\\\/schema\\\/logo\\\/image\\\/\"}}]}<\/script>\n<!-- \/ Yoast SEO plugin. -->","yoast_head_json":{"title":"Blog - Beelectric","robots":{"index":"index","follow":"follow","max-snippet":"max-snippet:-1","max-image-preview":"max-image-preview:large","max-video-preview":"max-video-preview:-1"},"canonical":"https:\/\/beelectricbike.com\/es\/blog\/","og_locale":"es_ES","og_type":"article","og_title":"Blog - Beelectric","og_url":"https:\/\/beelectricbike.com\/es\/blog\/","og_site_name":"Beelectric","article_modified_time":"2023-11-16T09:32:38+00:00","twitter_card":"summary_large_image","twitter_misc":{"Tiempo de lectura":"1 minuto"},"schema":{"@context":"https:\/\/schema.org","@graph":[{"@type":"WebPage","@id":"https:\/\/beelectricbike.com\/es\/blog\/","url":"https:\/\/beelectricbike.com\/es\/blog\/","name":"Blog - Beelectric","isPartOf":{"@id":"https:\/\/beelectricbike.com\/#website"},"datePublished":"2013-11-25T02:21:59+00:00","dateModified":"2023-11-16T09:32:38+00:00","breadcrumb":{"@id":"https:\/\/beelectricbike.com\/es\/blog\/#breadcrumb"},"inLanguage":"es","potentialAction":[{"@type":"ReadAction","target":["https:\/\/beelectricbike.com\/es\/blog\/"]}]},{"@type":"BreadcrumbList","@id":"https:\/\/beelectricbike.com\/es\/blog\/#breadcrumb","itemListElement":[{"@type":"ListItem","position":1,"name":"Home","item":"https:\/\/beelectricbike.com\/es\/"},{"@type":"ListItem","position":2,"name":"Blog"}]},{"@type":"WebSite","@id":"https:\/\/beelectricbike.com\/#website","url":"https:\/\/beelectricbike.com\/","name":"Beelectric","description":"Electrifica tu bicicleta f\u00e1cilmente","publisher":{"@id":"https:\/\/beelectricbike.com\/#organization"},"potentialAction":[{"@type":"SearchAction","target":{"@type":"EntryPoint","urlTemplate":"https:\/\/beelectricbike.com\/?s={search_term_string}"},"query-input":{"@type":"PropertyValueSpecification","valueRequired":true,"valueName":"search_term_string"}}],"inLanguage":"es"},{"@type":"Organization","@id":"https:\/\/beelectricbike.com\/#organization","name":"Beelectric","url":"https:\/\/beelectricbike.com\/","logo":{"@type":"ImageObject","inLanguage":"es","@id":"https:\/\/beelectricbike.com\/#\/schema\/logo\/image\/","url":"https:\/\/beelectricbike.com\/wp-content\/uploads\/2023\/11\/logo-negre.png","contentUrl":"https:\/\/beelectricbike.com\/wp-content\/uploads\/2023\/11\/logo-negre.png","width":356,"height":80,"caption":"Beelectric"},"image":{"@id":"https:\/\/beelectricbike.com\/#\/schema\/logo\/image\/"}}]}},"_links":{"self":[{"href":"https:\/\/beelectricbike.com\/es\/wp-json\/wp\/v2\/pages\/600","targetHints":{"allow":["GET"]}}],"collection":[{"href":"https:\/\/beelectricbike.com\/es\/wp-json\/wp\/v2\/pages"}],"about":[{"href":"https:\/\/beelectricbike.com\/es\/wp-json\/wp\/v2\/types\/page"}],"author":[{"embeddable":true,"href":"https:\/\/beelectricbike.com\/es\/wp-json\/wp\/v2\/users\/1"}],"replies":[{"embeddable":true,"href":"https:\/\/beelectricbike.com\/es\/wp-json\/wp\/v2\/comments?post=600"}],"version-history":[{"count":23,"href":"https:\/\/beelectricbike.com\/es\/wp-json\/wp\/v2\/pages\/600\/revisions"}],"predecessor-version":[{"id":5350,"href":"https:\/\/beelectricbike.com\/es\/wp-json\/wp\/v2\/pages\/600\/revisions\/5350"}],"wp:attachment":[{"href":"https:\/\/beelectricbike.com\/es\/wp-json\/wp\/v2\/media?parent=600"}],"curies":[{"name":"wp","href":"https:\/\/api.w.org\/{rel}","templated":true}]}}